{"id":2237,"date":"2025-03-24T06:02:09","date_gmt":"2025-03-24T05:02:09","guid":{"rendered":"https:\/\/rjleysen.com\/datenschutzbestimmungen\/"},"modified":"2026-01-26T07:32:53","modified_gmt":"2026-01-26T06:32:53","slug":"datenschutzbestimmungen","status":"publish","type":"page","link":"https:\/\/rjleysen.com\/de\/datenschutzbestimmungen\/","title":{"rendered":"Datenschutzbestimmungen"},"content":{"rendered":"\t\t<div data-elementor-type=\"wp-page\" data-elementor-id=\"2237\" class=\"elementor elementor-2237 elementor-3\" data-elementor-post-type=\"page\">\n\t\t\t\t<div class=\"elementor-element elementor-element-f1479d0 e-flex e-con-boxed e-con e-parent\" data-id=\"f1479d0\" data-element_type=\"container\" data-e-type=\"container\" data-settings=\"{&quot;background_background&quot;:&quot;video&quot;,&quot;background_video_link&quot;:&quot;https:\\\/\\\/rjleysen.com\\\/wp-content\\\/uploads\\\/2026\\\/01\\\/header_contact.mp4&quot;,&quot;background_play_on_mobile&quot;:&quot;yes&quot;}\">\n\t\t\t\t\t<div class=\"e-con-inner\">\n\t\t<div class=\"elementor-background-video-container\">\n\t\t\t\t\t\t\t<video class=\"elementor-background-video-hosted\" role=\"presentation\" autoplay muted playsinline loop><\/video>\n\t\t\t\t\t<\/div><div class=\"elementor-element elementor-element-b126d6a e-con-full e-flex e-con e-child\" data-id=\"b126d6a\" data-element_type=\"container\" data-e-type=\"container\">\n\t\t\t\t<div class=\"elementor-element elementor-element-cde9401 elementor-widget elementor-widget-heading\" data-id=\"cde9401\" data-element_type=\"widget\" data-e-type=\"widget\" data-widget_type=\"heading.default\">\n\t\t\t\t<div class=\"elementor-widget-container\">\n\t\t\t\t\t<h1 class=\"elementor-heading-title elementor-size-default\">Datenschutzbestimmungen<\/h1>\t\t\t\t<\/div>\n\t\t\t\t<\/div>\n\t\t\t\t<\/div>\n\t\t\t\t\t<\/div>\n\t\t\t\t<\/div>\n\t\t<div class=\"elementor-element elementor-element-8686b40 e-flex e-con-boxed e-con e-parent\" data-id=\"8686b40\" data-element_type=\"container\" data-e-type=\"container\">\n\t\t\t\t\t<div class=\"e-con-inner\">\n\t\t\t\t<div class=\"elementor-element elementor-element-5e78ed5 elementor-widget elementor-widget-heading\" data-id=\"5e78ed5\" data-element_type=\"widget\" data-e-type=\"widget\" data-widget_type=\"heading.default\">\n\t\t\t\t<div class=\"elementor-widget-container\">\n\t\t\t\t\t<h2 class=\"elementor-heading-title elementor-size-default\">Ihre personenbezogenen Daten werden verarbeitet von:\n<\/h2>\t\t\t\t<\/div>\n\t\t\t\t<\/div>\n\t\t\t\t<div class=\"elementor-element elementor-element-dea1fea elementor-widget elementor-widget-text-editor\" data-id=\"dea1fea\" data-element_type=\"widget\" data-e-type=\"widget\" data-widget_type=\"text-editor.default\">\n\t\t\t\t<div class=\"elementor-widget-container\">\n\t\t\t\t\t\t\t\t\t<p><strong>R &amp; J Leysen<\/strong><\/p><p>KMO park Doornboom<br>Herentalsebaan 406, Unit D5<br>2160 Wommelgem <br>Belgien<\/p><p>+32 (0)3 236 28 83 <br>+32 (0)3 235 17 56<br>info@rjleysen.be <br>BE 0404.840.584<\/p>\t\t\t\t\t\t\t\t<\/div>\n\t\t\t\t<\/div>\n\t\t\t\t<div class=\"elementor-element elementor-element-c379660 elementor-widget elementor-widget-text-editor\" data-id=\"c379660\" data-element_type=\"widget\" data-e-type=\"widget\" data-widget_type=\"text-editor.default\">\n\t\t\t\t<div class=\"elementor-widget-container\">\n\t\t\t\t\t\t\t\t\t<div class=\"elementor-element elementor-element-7009611e elementor-widget elementor-widget-text-editor\" data-id=\"7009611e\" data-element_type=\"widget\" data-settings=\"{\"ekit_we_effect_on\":\"none\"}\" data-widget_type=\"text-editor.default\">\n<div class=\"elementor-widget-container\">\n<p>zur Kundenverwaltung auf der Grundlage des Vertragsverh\u00e4ltnisses infolge Ihrer Bestellung\/Ihres Kaufs und f\u00fcr Direktmarketing (\/um Ihnen neue Produkte oder Dienstleistungen anzubieten) auf der Grundlage unseres berechtigten Interesses am Unternehmertum.<\/p>\n<\/div>\n<\/div>\n<div class=\"elementor-element elementor-element-1212216 elementor-widget elementor-widget-text-editor\" data-id=\"1212216\" data-element_type=\"widget\" data-settings=\"{\"ekit_we_effect_on\":\"none\"}\" data-widget_type=\"text-editor.default\">\n<div class=\"elementor-widget-container\">\n<p>Wenn Sie nicht m\u00f6chten, dass wir Ihre Daten f\u00fcr Direktmarketingzwecke verarbeiten, gen\u00fcgt es, uns dies unter info@rjleysen.be mitzuteilen. Unter dieser Adresse k\u00f6nnen Sie auch jederzeit erfragen, welche Daten wir \u00fcber Sie verarbeiten, und diese berichtigen oder l\u00f6schen lassen oder deren \u00dcbertragung verlangen. <\/p>\n<p>Wenn Sie mit der Art und Weise, wie wir Ihre Daten verarbeiten, nicht einverstanden sind, k\u00f6nnen Sie sich an die Kommission f\u00fcr den Schutz der Privatsph\u00e4re wenden (Druckpersstraat 35, 1000 Br\u00fcssel).<\/p>\n<\/div>\n<\/div>\t\t\t\t\t\t\t\t<\/div>\n\t\t\t\t<\/div>\n\t\t\t\t\t<\/div>\n\t\t\t\t<\/div>\n\t\t\t\t<\/div>\n\t\t","protected":false},"excerpt":{"rendered":"<p>Datenschutzbestimmungen Ihre personenbezogenen Daten werden verarbeitet von: R &amp; J Leysen KMO park DoornboomHerentalsebaan 406, Unit D52160 Wommelgem Belgien +32 (0)3 236 28 83 +32 (0)3 235 17 56info@rjleysen.be BE 0404.840.584 zur Kundenverwaltung auf der Grundlage des Vertragsverh\u00e4ltnisses infolge Ihrer Bestellung\/Ihres Kaufs und f\u00fcr Direktmarketing (\/um Ihnen neue Produkte oder Dienstleistungen anzubieten) auf der Grundlage [&hellip;]<\/p>\n","protected":false},"author":5,"featured_media":0,"parent":0,"menu_order":0,"comment_status":"closed","ping_status":"open","template":"","meta":{"footnotes":""},"class_list":["post-2237","page","type-page","status-publish","hentry"],"yoast_head":"<!-- This site is optimized with the Yoast SEO plugin v27.4 - https:\/\/yoast.com\/product\/yoast-seo-wordpress\/ -->\n<title>Datenschutzbestimmungen - R &amp; J Leysen<\/title>\n<meta name=\"robots\" content=\"index, follow, max-snippet:-1, max-image-preview:large, max-video-preview:-1\" \/>\n<link rel=\"canonical\" href=\"https:\/\/rjleysen.com\/de\/datenschutzbestimmungen\/\" \/>\n<meta property=\"og:locale\" content=\"de_DE\" \/>\n<meta property=\"og:type\" content=\"article\" \/>\n<meta property=\"og:title\" content=\"Datenschutzbestimmungen - R &amp; J Leysen\" \/>\n<meta property=\"og:description\" content=\"Datenschutzbestimmungen Ihre personenbezogenen Daten werden verarbeitet von: R &amp; J Leysen KMO park DoornboomHerentalsebaan 406, Unit D52160 Wommelgem Belgien +32 (0)3 236 28 83 +32 (0)3 235 17 56info@rjleysen.be BE 0404.840.584 zur Kundenverwaltung auf der Grundlage des Vertragsverh\u00e4ltnisses infolge Ihrer Bestellung\/Ihres Kaufs und f\u00fcr Direktmarketing (\/um Ihnen neue Produkte oder Dienstleistungen anzubieten) auf der Grundlage [&hellip;]\" \/>\n<meta property=\"og:url\" content=\"https:\/\/rjleysen.com\/de\/datenschutzbestimmungen\/\" \/>\n<meta property=\"og:site_name\" content=\"R &amp; J Leysen\" \/>\n<meta property=\"article:modified_time\" content=\"2026-01-26T06:32:53+00:00\" \/>\n<meta property=\"og:image\" content=\"https:\/\/rjleysen.com\/wp-content\/uploads\/2026\/01\/logo-leysen-transparant.png\" \/>\n\t<meta property=\"og:image:width\" content=\"717\" \/>\n\t<meta property=\"og:image:height\" content=\"328\" \/>\n\t<meta property=\"og:image:type\" content=\"image\/png\" \/>\n<meta name=\"twitter:card\" content=\"summary_large_image\" \/>\n<meta name=\"twitter:label1\" content=\"Gesch\u00e4tzte Lesezeit\" \/>\n\t<meta name=\"twitter:data1\" content=\"1\u00a0Minute\" \/>\n<script type=\"application\/ld+json\" class=\"yoast-schema-graph\">{\"@context\":\"https:\\\/\\\/schema.org\",\"@graph\":[{\"@type\":\"WebPage\",\"@id\":\"https:\\\/\\\/rjleysen.com\\\/de\\\/datenschutzbestimmungen\\\/\",\"url\":\"https:\\\/\\\/rjleysen.com\\\/de\\\/datenschutzbestimmungen\\\/\",\"name\":\"Datenschutzbestimmungen - R &amp; J Leysen\",\"isPartOf\":{\"@id\":\"https:\\\/\\\/rjleysen.com\\\/de\\\/#website\"},\"datePublished\":\"2025-03-24T05:02:09+00:00\",\"dateModified\":\"2026-01-26T06:32:53+00:00\",\"breadcrumb\":{\"@id\":\"https:\\\/\\\/rjleysen.com\\\/de\\\/datenschutzbestimmungen\\\/#breadcrumb\"},\"inLanguage\":\"de\",\"potentialAction\":[{\"@type\":\"ReadAction\",\"target\":[\"https:\\\/\\\/rjleysen.com\\\/de\\\/datenschutzbestimmungen\\\/\"]}]},{\"@type\":\"BreadcrumbList\",\"@id\":\"https:\\\/\\\/rjleysen.com\\\/de\\\/datenschutzbestimmungen\\\/#breadcrumb\",\"itemListElement\":[{\"@type\":\"ListItem\",\"position\":1,\"name\":\"Home\",\"item\":\"https:\\\/\\\/rjleysen.com\\\/de\\\/\"},{\"@type\":\"ListItem\",\"position\":2,\"name\":\"Datenschutzbestimmungen\"}]},{\"@type\":\"WebSite\",\"@id\":\"https:\\\/\\\/rjleysen.com\\\/de\\\/#website\",\"url\":\"https:\\\/\\\/rjleysen.com\\\/de\\\/\",\"name\":\"R & J Leysen\",\"description\":\"Bakery &amp; Food Ingredients\",\"publisher\":{\"@id\":\"https:\\\/\\\/rjleysen.com\\\/de\\\/#organization\"},\"potentialAction\":[{\"@type\":\"SearchAction\",\"target\":{\"@type\":\"EntryPoint\",\"urlTemplate\":\"https:\\\/\\\/rjleysen.com\\\/de\\\/?s={search_term_string}\"},\"query-input\":{\"@type\":\"PropertyValueSpecification\",\"valueRequired\":true,\"valueName\":\"search_term_string\"}}],\"inLanguage\":\"de\"},{\"@type\":\"Organization\",\"@id\":\"https:\\\/\\\/rjleysen.com\\\/de\\\/#organization\",\"name\":\"R & J Leysen\",\"url\":\"https:\\\/\\\/rjleysen.com\\\/de\\\/\",\"logo\":{\"@type\":\"ImageObject\",\"inLanguage\":\"de\",\"@id\":\"https:\\\/\\\/rjleysen.com\\\/de\\\/#\\\/schema\\\/logo\\\/image\\\/\",\"url\":\"https:\\\/\\\/rjleysen.com\\\/wp-content\\\/uploads\\\/2026\\\/01\\\/favicon-leysen.png\",\"contentUrl\":\"https:\\\/\\\/rjleysen.com\\\/wp-content\\\/uploads\\\/2026\\\/01\\\/favicon-leysen.png\",\"width\":180,\"height\":180,\"caption\":\"R & J Leysen\"},\"image\":{\"@id\":\"https:\\\/\\\/rjleysen.com\\\/de\\\/#\\\/schema\\\/logo\\\/image\\\/\"}}]}<\/script>\n<!-- \/ Yoast SEO plugin. -->","yoast_head_json":{"title":"Datenschutzbestimmungen - R &amp; J Leysen","robots":{"index":"index","follow":"follow","max-snippet":"max-snippet:-1","max-image-preview":"max-image-preview:large","max-video-preview":"max-video-preview:-1"},"canonical":"https:\/\/rjleysen.com\/de\/datenschutzbestimmungen\/","og_locale":"de_DE","og_type":"article","og_title":"Datenschutzbestimmungen - R &amp; J Leysen","og_description":"Datenschutzbestimmungen Ihre personenbezogenen Daten werden verarbeitet von: R &amp; J Leysen KMO park DoornboomHerentalsebaan 406, Unit D52160 Wommelgem Belgien +32 (0)3 236 28 83 +32 (0)3 235 17 56info@rjleysen.be BE 0404.840.584 zur Kundenverwaltung auf der Grundlage des Vertragsverh\u00e4ltnisses infolge Ihrer Bestellung\/Ihres Kaufs und f\u00fcr Direktmarketing (\/um Ihnen neue Produkte oder Dienstleistungen anzubieten) auf der Grundlage [&hellip;]","og_url":"https:\/\/rjleysen.com\/de\/datenschutzbestimmungen\/","og_site_name":"R &amp; J Leysen","article_modified_time":"2026-01-26T06:32:53+00:00","og_image":[{"width":717,"height":328,"url":"https:\/\/rjleysen.com\/wp-content\/uploads\/2026\/01\/logo-leysen-transparant.png","type":"image\/png"}],"twitter_card":"summary_large_image","twitter_misc":{"Gesch\u00e4tzte Lesezeit":"1\u00a0Minute"},"schema":{"@context":"https:\/\/schema.org","@graph":[{"@type":"WebPage","@id":"https:\/\/rjleysen.com\/de\/datenschutzbestimmungen\/","url":"https:\/\/rjleysen.com\/de\/datenschutzbestimmungen\/","name":"Datenschutzbestimmungen - R &amp; J Leysen","isPartOf":{"@id":"https:\/\/rjleysen.com\/de\/#website"},"datePublished":"2025-03-24T05:02:09+00:00","dateModified":"2026-01-26T06:32:53+00:00","breadcrumb":{"@id":"https:\/\/rjleysen.com\/de\/datenschutzbestimmungen\/#breadcrumb"},"inLanguage":"de","potentialAction":[{"@type":"ReadAction","target":["https:\/\/rjleysen.com\/de\/datenschutzbestimmungen\/"]}]},{"@type":"BreadcrumbList","@id":"https:\/\/rjleysen.com\/de\/datenschutzbestimmungen\/#breadcrumb","itemListElement":[{"@type":"ListItem","position":1,"name":"Home","item":"https:\/\/rjleysen.com\/de\/"},{"@type":"ListItem","position":2,"name":"Datenschutzbestimmungen"}]},{"@type":"WebSite","@id":"https:\/\/rjleysen.com\/de\/#website","url":"https:\/\/rjleysen.com\/de\/","name":"R & J Leysen","description":"Bakery &amp; Food Ingredients","publisher":{"@id":"https:\/\/rjleysen.com\/de\/#organization"},"potentialAction":[{"@type":"SearchAction","target":{"@type":"EntryPoint","urlTemplate":"https:\/\/rjleysen.com\/de\/?s={search_term_string}"},"query-input":{"@type":"PropertyValueSpecification","valueRequired":true,"valueName":"search_term_string"}}],"inLanguage":"de"},{"@type":"Organization","@id":"https:\/\/rjleysen.com\/de\/#organization","name":"R & J Leysen","url":"https:\/\/rjleysen.com\/de\/","logo":{"@type":"ImageObject","inLanguage":"de","@id":"https:\/\/rjleysen.com\/de\/#\/schema\/logo\/image\/","url":"https:\/\/rjleysen.com\/wp-content\/uploads\/2026\/01\/favicon-leysen.png","contentUrl":"https:\/\/rjleysen.com\/wp-content\/uploads\/2026\/01\/favicon-leysen.png","width":180,"height":180,"caption":"R & J Leysen"},"image":{"@id":"https:\/\/rjleysen.com\/de\/#\/schema\/logo\/image\/"}}]}},"_links":{"self":[{"href":"https:\/\/rjleysen.com\/de\/wp-json\/wp\/v2\/pages\/2237","targetHints":{"allow":["GET"]}}],"collection":[{"href":"https:\/\/rjleysen.com\/de\/wp-json\/wp\/v2\/pages"}],"about":[{"href":"https:\/\/rjleysen.com\/de\/wp-json\/wp\/v2\/types\/page"}],"author":[{"embeddable":true,"href":"https:\/\/rjleysen.com\/de\/wp-json\/wp\/v2\/users\/5"}],"replies":[{"embeddable":true,"href":"https:\/\/rjleysen.com\/de\/wp-json\/wp\/v2\/comments?post=2237"}],"version-history":[{"count":1,"href":"https:\/\/rjleysen.com\/de\/wp-json\/wp\/v2\/pages\/2237\/revisions"}],"predecessor-version":[{"id":2238,"href":"https:\/\/rjleysen.com\/de\/wp-json\/wp\/v2\/pages\/2237\/revisions\/2238"}],"wp:attachment":[{"href":"https:\/\/rjleysen.com\/de\/wp-json\/wp\/v2\/media?parent=2237"}],"curies":[{"name":"wp","href":"https:\/\/api.w.org\/{rel}","templated":true}]}}